{"id":2,"date":"2024-08-06T09:37:47","date_gmt":"2024-08-06T09:37:47","guid":{"rendered":"https:\/\/www.die-schrifterzaehler.de\/?page_id=2"},"modified":"2024-11-02T20:55:41","modified_gmt":"2024-11-02T20:55:41","slug":"erzaehler","status":"publish","type":"page","link":"https:\/\/dev.die-schrifterzaehler.de\/index.php\/erzaehler\/","title":{"rendered":"Die Erz\u00e4hler"},"content":{"rendered":"<div id=\"pl-2\"  class=\"panel-layout\" ><div id=\"pg-2-0\"  class=\"panel-grid panel-has-style\" ><div class=\"panel-row-style panel-row-style-for-2-0\" ><div id=\"pgc-2-0-0\"  class=\"panel-grid-cell\" ><div id=\"panel-2-0-0-0\" class=\"so-panel widget widget_sow-editor panel-first-child panel-last-child\" data-index=\"0\" ><div\n\t\t\t\n\t\t\tclass=\"so-widget-sow-editor so-widget-sow-editor-base\"\n\t\t\t\n\t\t>\n<div class=\"siteorigin-widget-tinymce textwidget\">\n\t<h1 style=\"text-align: center;\">Die Erz\u00e4hler<\/h1>\n<\/div>\n<\/div><\/div><\/div><\/div><\/div><div id=\"pg-2-1\"  class=\"panel-grid panel-no-style\" ><div id=\"pgc-2-1-0\"  class=\"panel-grid-cell\" ><div id=\"panel-2-1-0-0\" class=\"so-panel widget widget_sow-image panel-first-child panel-last-child\" data-index=\"1\" ><div\n\t\t\t\n\t\t\tclass=\"so-widget-sow-image so-widget-sow-image-default-8058dfb1bbad-2\"\n\t\t\t\n\t\t>\n\n<div class=\"sow-image-container\">\n\t\t<img loading=\"lazy\" decoding=\"async\" src=\"https:\/\/dev.die-schrifterzaehler.de\/wp-content\/uploads\/2024\/08\/pic_till_magnus_steiner.jpg\" width=\"2000\" height=\"2000\" srcset=\"https:\/\/dev.die-schrifterzaehler.de\/wp-content\/uploads\/2024\/08\/pic_till_magnus_steiner.jpg 2000w, https:\/\/dev.die-schrifterzaehler.de\/wp-content\/uploads\/2024\/08\/pic_till_magnus_steiner-300x300.jpg 300w, https:\/\/dev.die-schrifterzaehler.de\/wp-content\/uploads\/2024\/08\/pic_till_magnus_steiner-1024x1024.jpg 1024w, https:\/\/dev.die-schrifterzaehler.de\/wp-content\/uploads\/2024\/08\/pic_till_magnus_steiner-150x150.jpg 150w, https:\/\/dev.die-schrifterzaehler.de\/wp-content\/uploads\/2024\/08\/pic_till_magnus_steiner-768x768.jpg 768w, https:\/\/dev.die-schrifterzaehler.de\/wp-content\/uploads\/2024\/08\/pic_till_magnus_steiner-1536x1536.jpg 1536w\" sizes=\"auto, (max-width: 2000px) 100vw, 2000px\" alt=\"\" \t\tclass=\"so-widget-image\"\/>\n\t<\/div>\n\n<\/div><\/div><\/div><div id=\"pgc-2-1-1\"  class=\"panel-grid-cell\" ><div id=\"panel-2-1-1-0\" class=\"so-panel widget widget_sow-editor panel-first-child panel-last-child\" data-index=\"2\" ><div\n\t\t\t\n\t\t\tclass=\"so-widget-sow-editor so-widget-sow-editor-base\"\n\t\t\t\n\t\t>\n<div class=\"siteorigin-widget-tinymce textwidget\">\n\t<p><strong>Dr. Till Magnus Steiner<\/strong>\u00a0lebt mit seiner Familie in Jerusalem (Israel) und ist Publizist, Dichter und promovierter katholischer Theologe mit einem Schwerpunkt im Alten Testament. Neben seiner wissenschaftlichen Arbeit liegt ihm die popul\u00e4rwissenschaftliche Auslegung biblischer Texte besonders am Herzen. In Projekten wie <a href=\"https:\/\/www.in-principio.de\/\" target=\"_blank\" rel=\"noreferrer noopener\">\u201eIn Principio\u201c<\/a> und \u2013 gemeinsam mit Dr. Werner Kleine \u2013 <a href=\"https:\/\/vimeo.com\/showcase\/3714451\" target=\"_blank\" rel=\"noreferrer noopener\">\u201eDie Verbum direkt\u201c<\/a> er\u00f6ffnet er die theologische und historische Tiefe biblischer Texte f\u00fcr ein breiteres Publikum.<\/p>\n<p>Inspiriert von den Heiligen Schriften des Judentums und des Christentums und besonders von der j\u00fcdischen Midrasch-Tradition ist er \u00fcberzeugt, dass die biblischen Texte nicht nur stets aufs Neue interpretiert und hinterfragt werden sollten. Sondern dass es sich auch lohnt, die biblischen Erz\u00e4hlungen neu zu erz\u00e4hlen und so neue Perspektiven auf die altehrw\u00fcrdigen Texte zu gewinnen. F\u00fcr ihn ist es eine Herzensangelegenheit, die zeitlose Weisheit der Bibel lebendig zu halten und ihre Relevanz stets auch kreativ aufzuzeigen.<\/p>\n<\/div>\n<\/div><\/div><\/div><\/div><div id=\"pg-2-2\"  class=\"panel-grid panel-has-style\" ><div class=\"panel-row-style panel-row-style-for-2-2\" ><div id=\"pgc-2-2-0\"  class=\"panel-grid-cell\" ><div id=\"panel-2-2-0-0\" class=\"so-panel widget widget_sow-image panel-first-child panel-last-child\" data-index=\"3\" ><div\n\t\t\t\n\t\t\tclass=\"so-widget-sow-image so-widget-sow-image-default-8058dfb1bbad-2\"\n\t\t\t\n\t\t>\n\n<div class=\"sow-image-container\">\n\t\t<img loading=\"lazy\" decoding=\"async\" src=\"https:\/\/dev.die-schrifterzaehler.de\/wp-content\/uploads\/2024\/08\/pic_werner_kleine.jpg\" width=\"2000\" height=\"2000\" srcset=\"https:\/\/dev.die-schrifterzaehler.de\/wp-content\/uploads\/2024\/08\/pic_werner_kleine.jpg 2000w, https:\/\/dev.die-schrifterzaehler.de\/wp-content\/uploads\/2024\/08\/pic_werner_kleine-300x300.jpg 300w, https:\/\/dev.die-schrifterzaehler.de\/wp-content\/uploads\/2024\/08\/pic_werner_kleine-1024x1024.jpg 1024w, https:\/\/dev.die-schrifterzaehler.de\/wp-content\/uploads\/2024\/08\/pic_werner_kleine-150x150.jpg 150w, https:\/\/dev.die-schrifterzaehler.de\/wp-content\/uploads\/2024\/08\/pic_werner_kleine-768x768.jpg 768w, https:\/\/dev.die-schrifterzaehler.de\/wp-content\/uploads\/2024\/08\/pic_werner_kleine-1536x1536.jpg 1536w\" sizes=\"auto, (max-width: 2000px) 100vw, 2000px\" alt=\"\" \t\tclass=\"so-widget-image\"\/>\n\t<\/div>\n\n<\/div><\/div><\/div><div id=\"pgc-2-2-1\"  class=\"panel-grid-cell\" ><div id=\"panel-2-2-1-0\" class=\"so-panel widget widget_sow-editor panel-first-child panel-last-child\" data-index=\"4\" ><div\n\t\t\t\n\t\t\tclass=\"so-widget-sow-editor so-widget-sow-editor-base\"\n\t\t\t\n\t\t>\n<div class=\"siteorigin-widget-tinymce textwidget\">\n\t<p><strong>Dr. Werner Kleine\u00a0<\/strong>lebt und arbeitet in Wuppertal. Er ist verheiratet und hat mit seiner Frau zwei behinderte Kinder adoptiert, die mittlerweile erwachsen sind. Er arbeitet als Pastoralreferent und leitet in Wuppertal das citypastorale Projekt \u201eKatholische Citykirche Wuppertal\u201c. Er ist katholischer Theologe mit dem Schwerpunkt Neues Testament. Neben seiner pastoralen Arbeit liegt sein Fokus vor allem auf der popul\u00e4rwissenschaftlichen Vermittlung theologischer und hier vor allem bibelwissenschaftlicher Themen. Hierf\u00fcr stehen vor allem die Projekte <a href=\"https:\/\/www.youtube.com\/playlist?list=PLwrS59STSEGej7iE03vrri65tFmMkMLmP\" target=\"_blank\" rel=\"noreferrer noopener\">\u201eGlaubensinformation\u201c<\/a> und \u2013 gemeinsam mit Dr. Till Magnus Steiner \u2013 <a href=\"https:\/\/vimeo.com\/showcase\/3714451\" target=\"_blank\" rel=\"noreferrer noopener\">\u201eDei Verbum direkt\u201c<\/a>.<\/p>\n<p>F\u00fcr ihn ist es eine der hervorragenden Aufgaben, den biblischen Texten immer wieder neu und aktuell Gestalt zu geben. Deshalb ist das stetige Neuerz\u00e4hlen biblischer Texte mehr als eine Methode der inhaltlichen Vermittlung. Im Erz\u00e4hlen der biblischen Text wird das Wort Gottes neu gegenw\u00e4rtig und gewinnt immer wieder neu Gestalt. Das Erz\u00e4hlen ist die urspr\u00fcnglichste Form der Weitergabe von Wissen und Glauben und damit die ureigenste Methode einer Tradtion, die nicht die Asche h\u00fctet, sondern das Feuer lebendig h\u00e4lt.<\/p>\n<\/div>\n<\/div><\/div><\/div><\/div><\/div><\/div>","protected":false},"excerpt":{"rendered":"<p>Die Erz\u00e4hler Dr. Till Magnus Steiner\u00a0lebt mit seiner Familie in Jerusalem (Israel) und ist Publizist, Dichter und promovierter katholischer Theologe mit einem Schwerpunkt im Alten Testament. Neben seiner wissenschaftlichen Arbeit liegt ihm die popul\u00e4rwissenschaftliche Auslegung biblischer Texte besonders am Herzen. In Projekten wie \u201eIn Principio\u201c und \u2013 gemeinsam mit Dr. Werner Kleine \u2013 \u201eDie Verbum&hellip;&nbsp;<a href=\"https:\/\/dev.die-schrifterzaehler.de\/index.php\/erzaehler\/\" rel=\"bookmark\">Weiterlesen &raquo;<span class=\"screen-reader-text\">Die Erz\u00e4hler<\/span><\/a><\/p>\n","protected":false},"author":1,"featured_media":0,"parent":0,"menu_order":0,"comment_status":"closed","ping_status":"open","template":"","meta":{"neve_meta_sidebar":"","neve_meta_container":"full-width","neve_meta_enable_content_width":"on","neve_meta_content_width":50,"neve_meta_title_alignment":"","neve_meta_author_avatar":"","neve_post_elements_order":"","neve_meta_disable_header":"","neve_meta_disable_footer":"","neve_meta_disable_title":"on","footnotes":""},"class_list":["post-2","page","type-page","status-publish","hentry"],"_links":{"self":[{"href":"https:\/\/dev.die-schrifterzaehler.de\/index.php\/wp-json\/wp\/v2\/pages\/2","targetHints":{"allow":["GET"]}}],"collection":[{"href":"https:\/\/dev.die-schrifterzaehler.de\/index.php\/wp-json\/wp\/v2\/pages"}],"about":[{"href":"https:\/\/dev.die-schrifterzaehler.de\/index.php\/wp-json\/wp\/v2\/types\/page"}],"author":[{"embeddable":true,"href":"https:\/\/dev.die-schrifterzaehler.de\/index.php\/wp-json\/wp\/v2\/users\/1"}],"replies":[{"embeddable":true,"href":"https:\/\/dev.die-schrifterzaehler.de\/index.php\/wp-json\/wp\/v2\/comments?post=2"}],"version-history":[{"count":23,"href":"https:\/\/dev.die-schrifterzaehler.de\/index.php\/wp-json\/wp\/v2\/pages\/2\/revisions"}],"predecessor-version":[{"id":327,"href":"https:\/\/dev.die-schrifterzaehler.de\/index.php\/wp-json\/wp\/v2\/pages\/2\/revisions\/327"}],"wp:attachment":[{"href":"https:\/\/dev.die-schrifterzaehler.de\/index.php\/wp-json\/wp\/v2\/media?parent=2"}],"curies":[{"name":"wp","href":"https:\/\/api.w.org\/{rel}","templated":true}]}}