{"id":130,"date":"2024-10-05T20:36:37","date_gmt":"2024-10-05T20:36:37","guid":{"rendered":"https:\/\/www.die-schrifterzaehler.de\/?page_id=130"},"modified":"2024-11-02T20:56:57","modified_gmt":"2024-11-02T20:56:57","slug":"impressum","status":"publish","type":"page","link":"https:\/\/dev.die-schrifterzaehler.de\/index.php\/impressum\/","title":{"rendered":"Impressum"},"content":{"rendered":"<div id=\"pl-130\"  class=\"panel-layout\" ><div id=\"pg-130-0\"  class=\"panel-grid panel-has-style\" ><div class=\"panel-row-style panel-row-style-for-130-0\" ><div id=\"pgc-130-0-0\"  class=\"panel-grid-cell panel-grid-cell-empty\" ><\/div><div id=\"pgc-130-0-1\"  class=\"panel-grid-cell panel-grid-cell-mobile-last\" ><div id=\"panel-130-0-1-0\" class=\"so-panel widget widget_sow-editor panel-first-child panel-last-child\" data-index=\"0\" ><div\n\t\t\t\n\t\t\tclass=\"so-widget-sow-editor so-widget-sow-editor-base\"\n\t\t\t\n\t\t><h3 class=\"widget-title\">Impressum<\/h3>\n<div class=\"siteorigin-widget-tinymce textwidget\">\n\t<p>Katholische Citykirche Wuppertal<br \/>\nLaurentiusstr. 7<br \/>\n42103 Wuppertal<br \/>\nTel.: 0202-42969674<\/p>\n<p class=\"has-medium-font-size\">V.i.S.d.P.: Pastoralreferent Dr. Werner Kleine <a href=\"mailto:info@katholische-citykirche-wuppertal.de\">(Mail)<\/a><\/p>\n<h3>Ansprechpartner f\u00fcr Pressenanfragen:<\/h3>\n<p>Pastoralreferent Dr. Werner Kleine<br \/>\nBeauftragter f\u00fcr \u00d6ffentlichkeitsarbeit im Stadtdekanat Wuppertal<br \/>\nStadtdekanat Wuppertal<br \/>\nLaurentiusstra\u00dfe 7<br \/>\n42103 Wuppertal<br \/>\nTel.: 0202-42969675<br \/>\n<a href=\"mailto:presse@katholische-citykirche-wuppertal.de?subject=Presseanfrage\">presse@katholische-citykirche-wuppertal.de<\/a><\/p>\n<h3>Webmaster:<\/h3>\n<p>Pastoralreferent Dr. Werner Kleine (verantw.)<br \/>\nReferent f\u00fcr Citypastoral im Stadtdekanat Wuppertal<br \/>\nStadtdekanat Wuppertal<br \/>\nLaurentiusstra\u00dfe 7<br \/>\n42103 Wuppertal<br \/>\nTel.: 0202-42969675<br \/>\n<a href=\"mailto:webmaster@katholische-citykirche-wuppertal.de\">webmaster@katholische-citykirche-wuppertal.de<\/a><\/p>\n<h3>Redaktion und Layout:<\/h3>\n<p>Dr. Werner Kleine (Kl)<br \/>\nTill Magnus Steiner (St)<br \/>\n<a href=\"http:\/\/www.design-schoenbach.de\" target=\"_blank\" rel=\"noreferrer noopener\">Design Schoenbach<\/a>, Christoph Sch\u00f6nbach<\/p>\n<p>Sofern nicht anders angegeben folgen alle zitieren Bibelstellen der Einheits\u00fcbersetzung 1980 bzw. der revidierten Einheits\u00fcbersetzung von 2016.<\/p>\n<p>Alle Rechte an der Seite der Homepage www.dei-verbum.de<br \/>\nsind vorbehalten.<\/p>\n<p>Online seit: 05. Oktober 2024<\/p>\n<p>Sollten Sie Fehler oder fehlerhafte Links auf dieser Homepage entdeckt haben,\u00a0bitten wir h\u00f6flichst um Benachrichtigung per Mail an:<br \/>\n<a href=\"mailto:webmaster@katholische-citykirche-wuppertal.de\">webmaster@katholische-citykirche-wuppertal.de<\/a>.<\/p>\n<p>&nbsp;<\/p>\n<h3>Erkl\u00e4rung (Disclaimer):<\/h3>\n<p>Mit Urteil vom 12. Mai 1998 hat das Landgericht Hamburg entschieden, da\u00df man durch die Anbringung eines Links die Inhalte der gelinkten Seite ggf. mit zu verantworten hat. Dies kann \u2013 so das LG \u2013 nur dadurch verhindert werden, da\u00df man sich ausdr\u00fccklich von diesen Inhalten distanziert. Wir haben auf den Webseiten der Katholischen Citykirche Wuppertal Links zu anderen Seiten im Internet gesetzt. F\u00fcr all diese Links gilt: Wir haben keinerlei Einflu\u00df auf die Gestaltung und die Inhalte der gelinkten Seiten. Deshalb distanzieren wir uns hiermit ausdr\u00fccklich von allen Inhalten aller verlinkten Seiten und machen uns ihre Inhalte nicht zueigen. Diese Erkl\u00e4rung gilt f\u00fcr alle auf www.katholische-citykirche-wuppertal.de, www.citykirche-wuppertal.de, www.citypastoral-wuppertal.de, www.stadtdekanat-wuppertal.de, www.kath-2-30.de, www.dei-verbum.de und www.die-schrifterzaehler.de nebst den jeweils zugeh\u00f6rigen Unterverzeichnissen zu findenden Links.<\/p>\n<p>Copyright \u00a9 2024<br \/>\nKatholische Citykirche Wuppertal<\/p>\n<\/div>\n<\/div><\/div><\/div><div id=\"pgc-130-0-2\"  class=\"panel-grid-cell panel-grid-cell-empty\" ><\/div><\/div><\/div><\/div>","protected":false},"excerpt":{"rendered":"<p>Katholische Citykirche Wuppertal Laurentiusstr. 7 42103 Wuppertal Tel.: 0202-42969674 V.i.S.d.P.: Pastoralreferent Dr. Werner Kleine (Mail) Ansprechpartner f\u00fcr Pressenanfragen: Pastoralreferent Dr. Werner Kleine Beauftragter f\u00fcr \u00d6ffentlichkeitsarbeit im Stadtdekanat Wuppertal Stadtdekanat Wuppertal Laurentiusstra\u00dfe 7 42103 Wuppertal Tel.: 0202-42969675 presse@katholische-citykirche-wuppertal.de Webmaster: Pastoralreferent Dr. Werner Kleine (verantw.) Referent f\u00fcr Citypastoral im Stadtdekanat Wuppertal Stadtdekanat Wuppertal Laurentiusstra\u00dfe 7 42103 Wuppertal&hellip;&nbsp;<a href=\"https:\/\/dev.die-schrifterzaehler.de\/index.php\/impressum\/\" rel=\"bookmark\">Weiterlesen &raquo;<span class=\"screen-reader-text\">Impressum<\/span><\/a><\/p>\n","protected":false},"author":1,"featured_media":0,"parent":0,"menu_order":0,"comment_status":"closed","ping_status":"closed","template":"","meta":{"neve_meta_sidebar":"","neve_meta_container":"full-width","neve_meta_enable_content_width":"off","neve_meta_content_width":70,"neve_meta_title_alignment":"","neve_meta_author_avatar":"","neve_post_elements_order":"","neve_meta_disable_header":"","neve_meta_disable_footer":"","neve_meta_disable_title":"on","footnotes":""},"class_list":["post-130","page","type-page","status-publish","hentry"],"_links":{"self":[{"href":"https:\/\/dev.die-schrifterzaehler.de\/index.php\/wp-json\/wp\/v2\/pages\/130","targetHints":{"allow":["GET"]}}],"collection":[{"href":"https:\/\/dev.die-schrifterzaehler.de\/index.php\/wp-json\/wp\/v2\/pages"}],"about":[{"href":"https:\/\/dev.die-schrifterzaehler.de\/index.php\/wp-json\/wp\/v2\/types\/page"}],"author":[{"embeddable":true,"href":"https:\/\/dev.die-schrifterzaehler.de\/index.php\/wp-json\/wp\/v2\/users\/1"}],"replies":[{"embeddable":true,"href":"https:\/\/dev.die-schrifterzaehler.de\/index.php\/wp-json\/wp\/v2\/comments?post=130"}],"version-history":[{"count":15,"href":"https:\/\/dev.die-schrifterzaehler.de\/index.php\/wp-json\/wp\/v2\/pages\/130\/revisions"}],"predecessor-version":[{"id":331,"href":"https:\/\/dev.die-schrifterzaehler.de\/index.php\/wp-json\/wp\/v2\/pages\/130\/revisions\/331"}],"wp:attachment":[{"href":"https:\/\/dev.die-schrifterzaehler.de\/index.php\/wp-json\/wp\/v2\/media?parent=130"}],"curies":[{"name":"wp","href":"https:\/\/api.w.org\/{rel}","templated":true}]}}